{"id":3,"date":"2023-01-18T17:51:18","date_gmt":"2023-01-18T17:51:18","guid":{"rendered":"https:\/\/primitivo.com.mx\/agency\/?page_id=3"},"modified":"2023-02-24T16:46:43","modified_gmt":"2023-02-24T16:46:43","slug":"aviso-de-privacidad","status":"publish","type":"page","link":"https:\/\/primitivo.com.mx\/agency\/aviso-de-privacidad\/","title":{"rendered":"Aviso de privacidad"},"content":{"rendered":"<div class=\"wpb-content-wrapper\"><p>[vc_row][vc_column width=&#8221;1\/6&#8243;][\/vc_column][vc_column width=&#8221;2\/3&#8243;][vc_column_text]<\/p>\r\n<p>Con referencia a los datos personales solicitados por <strong>Primitivo Publicidad S.A. de C.V.<\/strong> con domicilio en; Calle Santander No. 45, Colonia Insurgentes Mixcoac, Alcald\u00eda Benito Ju\u00e1rez, Ciudad de M\u00e9xico, M\u00e9xico, y que con la finalidad de estar en contacto con usted, para enviarle informaci\u00f3n sobre la<br \/>p\u00e1gina web de nuestra empresa, proveerle los servicios o productos que se comercializan, brindarle el servicio que nos solicita, conocer sus necesidades de productos o servicios y para estar en posibilidad de ofrecerle los que m\u00e1s se adecuen a sus preferencias; con fines de identificaci\u00f3n; comunicarle promociones, atender quejas y aclaraciones, y en su caso, tratarlos para fines<br \/>compatibles con los mencionados en este Aviso de Privacidad y que se consideren an\u00e1logos para efectos legales. En caso de formalizar con usted la aceptaci\u00f3n de alg\u00fan producto o servicio ofrecido por Primitivo Publicidad S.A. de C.V. se le comunica que:<\/p>\r\n<p>\u00a0<\/p>\r\n\r\n<ol>\r\n<li>Los datos ser\u00e1n tratados de conformidad con la Ley Federal de Protecci\u00f3n de Datos Personales en Posesi\u00f3n de los Particulares y su Reglamento.<\/li>\r\n<li>\u00a0La confidencialidad de los datos est\u00e1 garantizada y los mismos est\u00e1n protegidos por medidas de seguridad administrativas, t\u00e9cnicas y f\u00edsicas para evitar su da\u00f1o, p\u00e9rdida, alteraci\u00f3n, destrucci\u00f3n, uso, acceso o divulgaci\u00f3n indebida.<\/li>\r\n<li>\u00danicamente las personas autorizadas tendr\u00e1n acceso a sus datos. Dichos datos ser\u00e1n utilizados para el cumplimiento de las obligaciones derivadas de relaciones jur\u00eddicas y\/o comerciales.<\/li>\r\n<li>Los datos podr\u00e1n ser transferidos a sociedades subsidiarias dentro del territorio nacional o en el extranjero para los mismos fines citados.<br \/>5.- El sitio de internet primitivo.com.mx o puede contener enlaces a otros sitios web, por lo que <strong>Primitivo Publicidad S.A. de C.V.<\/strong> no se hace responsable de las pr\u00e1cticas y usos de los otros sitios, incluyendo los de nuestros patrocinadores y\/o socios comerciales.<\/li>\r\n<li>En caso de existir alguna modificaci\u00f3n al presente Aviso de Privacidad se har\u00e1 de su conocimiento en nuestro sitio de internet: www.primitivo.com.mx usted podr\u00e1 ejercer los derechos de acceso, rectificaci\u00f3n, cancelaci\u00f3n u oposici\u00f3n al tratamiento de sus datos, o bien, la petici\u00f3n de limitaci\u00f3n<br \/>de uso y divulgaci\u00f3n e sus datos, presentando su solicitud por escrito dirigido al correo electr\u00f3nico <strong>contacto@primitivo.com<\/strong> o a trav\u00e9s de una llamada telef\u00f3nica al n\u00famero <strong>55-6303-9283. <\/strong><\/li>\r\n<\/ol>\r\n<p>[\/vc_column_text][\/vc_column][vc_column width=&#8221;1\/6&#8243;][\/vc_column][\/vc_row]<\/p><\/div>","protected":false},"excerpt":{"rendered":"<p>[vc_row][vc_column width=&#8221;1\/6&#8243;][\/vc_column][vc_column width=&#8221;2\/3&#8243;][vc_column_text] Con referencia a los datos personales solicitados por Primitivo Publicidad S.A. de C.V. con domicilio en; Calle Santander No. 45, Colonia Insurgentes Mixcoac, Alcald\u00eda Benito Ju\u00e1rez, Ciudad&hellip;<\/p>\n","protected":false},"author":1,"featured_media":0,"parent":0,"menu_order":0,"comment_status":"closed","ping_status":"open","template":"","meta":{"_joinchat":[],"footnotes":""},"_links":{"self":[{"href":"https:\/\/primitivo.com.mx\/agency\/wp-json\/wp\/v2\/pages\/3"}],"collection":[{"href":"https:\/\/primitivo.com.mx\/agency\/wp-json\/wp\/v2\/pages"}],"about":[{"href":"https:\/\/primitivo.com.mx\/agency\/wp-json\/wp\/v2\/types\/page"}],"author":[{"embeddable":true,"href":"https:\/\/primitivo.com.mx\/agency\/wp-json\/wp\/v2\/users\/1"}],"replies":[{"embeddable":true,"href":"https:\/\/primitivo.com.mx\/agency\/wp-json\/wp\/v2\/comments?post=3"}],"version-history":[{"count":4,"href":"https:\/\/primitivo.com.mx\/agency\/wp-json\/wp\/v2\/pages\/3\/revisions"}],"predecessor-version":[{"id":521,"href":"https:\/\/primitivo.com.mx\/agency\/wp-json\/wp\/v2\/pages\/3\/revisions\/521"}],"wp:attachment":[{"href":"https:\/\/primitivo.com.mx\/agency\/wp-json\/wp\/v2\/media?parent=3"}],"curies":[{"name":"wp","href":"https:\/\/api.w.org\/{rel}","templated":true}]}}